{"id":45586,"date":"2023-09-26T14:06:07","date_gmt":"2023-09-26T12:06:07","guid":{"rendered":"https:\/\/ricambi.itagrimacchine.ro\/prodotto\/tri-get-att-amer-d-1-2-f-7-epdm\/"},"modified":"2024-11-11T20:38:58","modified_gmt":"2024-11-11T19:38:58","slug":"tri-get-att-amer-d-1-2-f-7-epdm","status":"publish","type":"product","link":"https:\/\/ricambi.itagrimacchine.ro\/ro\/produs\/tri-get-att-amer-d-1-2-f-7-epdm\/","title":{"rendered":"TRI-JET ARAG D=1\/2&#8243; 7mm"},"content":{"rendered":"<p>TRI-JET ARAG D=1\/2&#8243; 7mm<\/p>\n<p>&nbsp;<\/p>\n<div class=\"listaSpecificheGg\">\n<ul>\n<li><strong>\u00ceN\u0102L\u021aIME:<\/strong> 93 mm<\/li>\n<li><strong>DIAM. CAVALLOT.:<\/strong> 1\/2&#8243; mm<\/li>\n<li><strong>GOL:<\/strong> 7 mm<\/li>\n<li><strong>M\u0103sur\u0103tori de depozitare:<\/strong> PZ<\/li>\n<li><strong>Greutate unitar\u0103:<\/strong> 0,098<\/li>\n<\/ul>\n<\/div>\n","protected":false},"excerpt":{"rendered":"<p>TRI-JET ARAG D=1\/2&#8243; 7mm &nbsp; \u00ceN\u0102L\u021aIME: 93 mm DIAM. CAVALLOT.: 1\/2&#8243; mm GOL: 7 mm M\u0103sur\u0103tori de depozitare: PZ Greutate unitar\u0103: 0,098<\/p>\n","protected":false},"featured_media":45523,"template":"","meta":[],"product_brand":[],"product_cat":[1020],"product_tag":[],"class_list":{"0":"post-45586","1":"product","2":"type-product","3":"status-publish","4":"has-post-thumbnail","6":"product_cat-portduza-jet-duze","8":"first","9":"instock","10":"taxable","11":"shipping-taxable","12":"purchasable","13":"product-type-simple"},"_links":{"self":[{"href":"https:\/\/ricambi.itagrimacchine.ro\/ro\/wp-json\/wp\/v2\/product\/45586","targetHints":{"allow":["GET"]}}],"collection":[{"href":"https:\/\/ricambi.itagrimacchine.ro\/ro\/wp-json\/wp\/v2\/product"}],"about":[{"href":"https:\/\/ricambi.itagrimacchine.ro\/ro\/wp-json\/wp\/v2\/types\/product"}],"wp:featuredmedia":[{"embeddable":true,"href":"https:\/\/ricambi.itagrimacchine.ro\/ro\/wp-json\/wp\/v2\/media\/45523"}],"wp:attachment":[{"href":"https:\/\/ricambi.itagrimacchine.ro\/ro\/wp-json\/wp\/v2\/media?parent=45586"}],"wp:term":[{"taxonomy":"product_brand","embeddable":true,"href":"https:\/\/ricambi.itagrimacchine.ro\/ro\/wp-json\/wp\/v2\/product_brand?post=45586"},{"taxonomy":"product_cat","embeddable":true,"href":"https:\/\/ricambi.itagrimacchine.ro\/ro\/wp-json\/wp\/v2\/product_cat?post=45586"},{"taxonomy":"product_tag","embeddable":true,"href":"https:\/\/ricambi.itagrimacchine.ro\/ro\/wp-json\/wp\/v2\/product_tag?post=45586"}],"curies":[{"name":"wp","href":"https:\/\/api.w.org\/{rel}","templated":true}]}}