{"id":45898,"date":"2023-09-27T09:34:36","date_gmt":"2023-09-27T07:34:36","guid":{"rendered":"https:\/\/ricambi.itagrimacchine.ro\/prodotto\/faston-femeie-tot-rosu-preizolat-63x08\/"},"modified":"2024-11-11T20:38:07","modified_gmt":"2024-11-11T19:38:07","slug":"faston-femela-tot-preizolat-rosu-63x08","status":"publish","type":"product","link":"https:\/\/ricambi.itagrimacchine.ro\/ro\/produs\/faston-femela-tot-preizolat-rosu-63x08\/","title":{"rendered":"PAPUC ELECTRIC IZOLAT DE TIP MAM\u0102 ROSU 6,3X0,8mm"},"content":{"rendered":"<p>PAPUC ELECTRIC IZOLAT DE TIP MAM\u0102 ROSU 6,3X0,8mm<\/p>\n<div class=\"listaSpecificheGg\">\n<ul>\n<li><strong>CULOARE:<\/strong> RO\u0218U<\/li>\n<li><strong>M\u0103sur\u0103tori de depozitare:<\/strong> PZ<\/li>\n<li><strong>Greutate unitar\u0103:<\/strong> 0,002<\/li>\n<\/ul>\n<\/div>\n","protected":false},"excerpt":{"rendered":"<p>PAPUC ELECTRIC IZOLAT DE TIP MAM\u0102 ROSU 6,3X0,8mm CULOARE: RO\u0218U M\u0103sur\u0103tori de depozitare: PZ Greutate unitar\u0103: 0,002<\/p>\n","protected":false},"featured_media":45780,"template":"","meta":[],"product_brand":[],"product_cat":[1028],"product_tag":[],"class_list":{"0":"post-45898","1":"product","2":"type-product","3":"status-publish","4":"has-post-thumbnail","6":"product_cat-cabluri-electrice-lampi-cu-cablu-legaturi-pentru-cabluri","8":"first","9":"instock","10":"taxable","11":"shipping-taxable","12":"purchasable","13":"product-type-simple"},"_links":{"self":[{"href":"https:\/\/ricambi.itagrimacchine.ro\/ro\/wp-json\/wp\/v2\/product\/45898","targetHints":{"allow":["GET"]}}],"collection":[{"href":"https:\/\/ricambi.itagrimacchine.ro\/ro\/wp-json\/wp\/v2\/product"}],"about":[{"href":"https:\/\/ricambi.itagrimacchine.ro\/ro\/wp-json\/wp\/v2\/types\/product"}],"wp:featuredmedia":[{"embeddable":true,"href":"https:\/\/ricambi.itagrimacchine.ro\/ro\/wp-json\/wp\/v2\/media\/45780"}],"wp:attachment":[{"href":"https:\/\/ricambi.itagrimacchine.ro\/ro\/wp-json\/wp\/v2\/media?parent=45898"}],"wp:term":[{"taxonomy":"product_brand","embeddable":true,"href":"https:\/\/ricambi.itagrimacchine.ro\/ro\/wp-json\/wp\/v2\/product_brand?post=45898"},{"taxonomy":"product_cat","embeddable":true,"href":"https:\/\/ricambi.itagrimacchine.ro\/ro\/wp-json\/wp\/v2\/product_cat?post=45898"},{"taxonomy":"product_tag","embeddable":true,"href":"https:\/\/ricambi.itagrimacchine.ro\/ro\/wp-json\/wp\/v2\/product_tag?post=45898"}],"curies":[{"name":"wp","href":"https:\/\/api.w.org\/{rel}","templated":true}]}}