{"id":46345,"date":"2023-10-05T08:31:30","date_gmt":"2023-10-05T06:31:30","guid":{"rendered":"https:\/\/ricambi.itagrimacchine.ro\/prodotto\/compresor-de-ungere-cu-cartus-gr-600-c-56\/"},"modified":"2024-11-12T12:35:42","modified_gmt":"2024-11-12T11:35:42","slug":"compresor-uns-la-cartus-unsoare-grasoare-crescut-crescut-600-c-56","status":"publish","type":"product","link":"https:\/\/ricambi.itagrimacchine.ro\/ro\/produs\/compresor-uns-la-cartus-unsoare-grasoare-crescut-crescut-600-c-56\/","title":{"rendered":"DECALIMETRU MANUAL PENTRU GRESAT CU CARTU\u0218 600gr"},"content":{"rendered":"<p>DECALIMETRU MANUAL PENTRU GRESAT CU CARTU\u0218 600gr<\/p>\n<div class=\"listaSpecificheGg\">\n<ul>\n<li><strong>CON\u021aINUT:<\/strong> 600 gr<\/li>\n<li><strong>DIAM. CARTU\u0218:<\/strong> 56 mm<\/li>\n<li><strong>M\u0103sur\u0103tori de depozitare:<\/strong> PZ<\/li>\n<li><strong>Greutate unitar\u0103:<\/strong> 1,75<\/li>\n<\/ul>\n<\/div>\n","protected":false},"excerpt":{"rendered":"<p>DECALIMETRU MANUAL PENTRU GRESAT CU CARTU\u0218 600gr CON\u021aINUT: 600 gr DIAM. CARTU\u0218: 56 mm M\u0103sur\u0103tori de depozitare: PZ Greutate unitar\u0103: 1,75<\/p>\n","protected":false},"featured_media":46348,"template":"","meta":[],"product_brand":[],"product_cat":[1088],"product_tag":[],"class_list":{"0":"post-46345","1":"product","2":"type-product","3":"status-publish","4":"has-post-thumbnail","6":"product_cat-gresare","8":"first","9":"instock","10":"featured","11":"taxable","12":"shipping-taxable","13":"purchasable","14":"product-type-simple"},"_links":{"self":[{"href":"https:\/\/ricambi.itagrimacchine.ro\/ro\/wp-json\/wp\/v2\/product\/46345","targetHints":{"allow":["GET"]}}],"collection":[{"href":"https:\/\/ricambi.itagrimacchine.ro\/ro\/wp-json\/wp\/v2\/product"}],"about":[{"href":"https:\/\/ricambi.itagrimacchine.ro\/ro\/wp-json\/wp\/v2\/types\/product"}],"wp:featuredmedia":[{"embeddable":true,"href":"https:\/\/ricambi.itagrimacchine.ro\/ro\/wp-json\/wp\/v2\/media\/46348"}],"wp:attachment":[{"href":"https:\/\/ricambi.itagrimacchine.ro\/ro\/wp-json\/wp\/v2\/media?parent=46345"}],"wp:term":[{"taxonomy":"product_brand","embeddable":true,"href":"https:\/\/ricambi.itagrimacchine.ro\/ro\/wp-json\/wp\/v2\/product_brand?post=46345"},{"taxonomy":"product_cat","embeddable":true,"href":"https:\/\/ricambi.itagrimacchine.ro\/ro\/wp-json\/wp\/v2\/product_cat?post=46345"},{"taxonomy":"product_tag","embeddable":true,"href":"https:\/\/ricambi.itagrimacchine.ro\/ro\/wp-json\/wp\/v2\/product_tag?post=46345"}],"curies":[{"name":"wp","href":"https:\/\/api.w.org\/{rel}","templated":true}]}}