{"id":46711,"date":"2023-10-20T10:11:26","date_gmt":"2023-10-20T08:11:26","guid":{"rendered":"https:\/\/ricambi.itagrimacchine.ro\/prodotto\/mufa-cu-clichet-econ-d-8\/"},"modified":"2024-11-11T20:35:32","modified_gmt":"2024-11-11T19:35:32","slug":"plug-in-a-snap-econ-d-8","status":"publish","type":"product","link":"https:\/\/ricambi.itagrimacchine.ro\/ro\/produs\/plug-in-a-snap-econ-d-8\/","title":{"rendered":"CUI SIGURAN\u021a\u0102 TIRANT. D=8mm"},"content":{"rendered":"<p>CUI SIGURAN\u021a\u0102 TIRANT. D=8mm<\/p>\n<div class=\"listaSpecificheGg\">\n<ul>\n<li><strong>DIAMETRU:<\/strong> 8 mm<\/li>\n<li><strong>M\u0103sur\u0103tori de depozitare:<\/strong> PZ<\/li>\n<li><strong>Greutate unitar\u0103:<\/strong> 0,03<\/li>\n<\/ul>\n<\/div>\n","protected":false},"excerpt":{"rendered":"<p>CUI SIGURAN\u021a\u0102 TIRANT. D=8mm DIAMETRU: 8 mm M\u0103sur\u0103tori de depozitare: PZ Greutate unitar\u0103: 0,03<\/p>\n","protected":false},"featured_media":46692,"template":"","meta":[],"product_brand":[],"product_cat":[1002],"product_tag":[],"class_list":{"0":"post-46711","1":"product","2":"type-product","3":"status-publish","4":"has-post-thumbnail","6":"product_cat-stifturi-si-stifturi-de-siguranta","8":"first","9":"instock","10":"taxable","11":"shipping-taxable","12":"purchasable","13":"product-type-simple"},"_links":{"self":[{"href":"https:\/\/ricambi.itagrimacchine.ro\/ro\/wp-json\/wp\/v2\/product\/46711","targetHints":{"allow":["GET"]}}],"collection":[{"href":"https:\/\/ricambi.itagrimacchine.ro\/ro\/wp-json\/wp\/v2\/product"}],"about":[{"href":"https:\/\/ricambi.itagrimacchine.ro\/ro\/wp-json\/wp\/v2\/types\/product"}],"wp:featuredmedia":[{"embeddable":true,"href":"https:\/\/ricambi.itagrimacchine.ro\/ro\/wp-json\/wp\/v2\/media\/46692"}],"wp:attachment":[{"href":"https:\/\/ricambi.itagrimacchine.ro\/ro\/wp-json\/wp\/v2\/media?parent=46711"}],"wp:term":[{"taxonomy":"product_brand","embeddable":true,"href":"https:\/\/ricambi.itagrimacchine.ro\/ro\/wp-json\/wp\/v2\/product_brand?post=46711"},{"taxonomy":"product_cat","embeddable":true,"href":"https:\/\/ricambi.itagrimacchine.ro\/ro\/wp-json\/wp\/v2\/product_cat?post=46711"},{"taxonomy":"product_tag","embeddable":true,"href":"https:\/\/ricambi.itagrimacchine.ro\/ro\/wp-json\/wp\/v2\/product_tag?post=46711"}],"curies":[{"name":"wp","href":"https:\/\/api.w.org\/{rel}","templated":true}]}}